{"id":1760,"date":"2025-04-16T12:25:21","date_gmt":"2025-04-16T10:25:21","guid":{"rendered":"https:\/\/bpig.pl\/?page_id=1760"},"modified":"2025-04-16T12:32:45","modified_gmt":"2025-04-16T10:32:45","slug":"laureaci-xii-edycji-nagrody-biznesowej-bpig-za-2023-rok","status":"publish","type":"page","link":"https:\/\/bpig.pl\/index.php\/laureaci-xii-edycji-nagrody-biznesowej-bpig-za-2023-rok\/","title":{"rendered":"Laureaci XII edycji Nagrody Biznesowej BPIG &#8211; za 2023 rok"},"content":{"rendered":"\n<p><\/p>\n\n\n\n<p><strong>Laureaci Nagrody Biznesowej BPIG \u2013 Edycja XII \u2013 za 2023 ro<\/strong>k:<\/p>\n\n\n\n<p><\/p>\n\n\n\n<ol type=\"1\"><li><strong>W kategorii \u201eUdany Start\u201d<\/strong> nagrod\u0119 utrzyma\u0142a <strong>Sp\u00f3\u0142dzielnia Socjalna \u201eWsp\u00f3lna Chata\u201d<\/strong>.<\/li><\/ol>\n\n\n\n<p>Sp\u00f3\u0142dzielnia Socjalna \u201eWsp\u00f3lna Chata\u201d to Sp\u00f3\u0142dzielnia os\u00f3b prawnych utworzona przez: Gmin\u0119 Tuczna oraz Ochotnicz\u0105 Stra\u017c Po\u017carn\u0105 w Tucznej. Powsta\u0142a w 2021 roku, wpis do KRS uzyska\u0142a 29 czerwca 2021 roku, siedzib\u0119 ma w zaadaptowanym przez Gmin\u0119 by\u0142ym budynku SKR (Sp\u00f3\u0142dzielnia K\u00f3\u0142ek Rolniczych). Utworzenie Sp\u00f3\u0142dzielni mo\u017cliwe by\u0142o dzi\u0119ki \u015brodkom Funduszy Europejskich i RPO Wojew\u00f3dztwa Lubelskiego oraz wk\u0142adu w\u0142asnego Gminy Tuczna. Obecnie Sp\u00f3\u0142dzielnia dzia\u0142a w 4 sektorach: us\u0142ugi cateringowe, us\u0142ugi budowlane, us\u0142ugi mechaniczne, us\u0142ugi opieku\u0144cze. G\u0142\u00f3wnym celem za\u0142o\u017cenia Sp\u00f3\u0142dzielni by\u0142a reintegracja spo\u0142eczna i zawodowa os\u00f3b zagro\u017conych wykluczeniem spo\u0142ecznym. Zatrudnienie znajduj\u0105 tu przede wszystkim osoby bezrobotne, niezaradne \u017cyciowo oraz niepe\u0142nosprawne, kt\u00f3re maj\u0105 trudno\u015bci z odnalezieniem si\u0119 na rynku pracy. Obecnie Sp\u00f3\u0142dzielnia zatrudnia 20 pracownik\u00f3w z czego 9 z wykluczeniem spo\u0142ecznym oraz 2 sta\u017cyst\u00f3w.<\/p>\n\n\n\n<p><\/p>\n\n\n\n<p>2. <strong>W kategorii \u201eInnowacyjna Firma\u201d<\/strong> nagrod\u0119 otrzyma\u0142 <strong>FoodWell Sp. z o.o.<\/strong><\/p>\n\n\n\n<p>FoodWell to firma, kt\u00f3ra \u0142\u0105czy polski biznes ze \u015bwiatowym standardem i podej\u015bciem biznesowym. To firma z ponad 30-letni\u0105 histori\u0105 na polskim rynku spo\u017cywczym, specjalizuj\u0105ca si\u0119 w produkcji wszystkim dobrze znanych marek takich jak Bakalland, Delecta, Purella, BeRaw i Anatol. Misj\u0105 Foodwell jest promowanie rado\u015bci ze zdrowszego \u017cycia, ka\u017cdego dnia, \u0142\u0105cz\u0105c rado\u015b\u0107 jedzenia z trosk\u0105 o zdrowie.<\/p>\n\n\n\n<p>FoodWell dzia\u0142a na ponad 50 rynkach mi\u0119dzynarodowych. Osi\u0105ga sukcesy w promowaniu zdrowego od\u017cywiania poprzez media spo\u0142eczno\u015bciowe, telewizj\u0119 i podcasty. Innowacyjnie optymalizuje zakupy surowc\u00f3w z ekologicznych upraw i skraca procesy logistyczne, co zmniejsza emisj\u0119 spalin. Pomimo wzrostu produkcji, utrzymuje sta\u0142y poziom odpad\u00f3w.<\/p>\n\n\n\n<p>FoodWell stale d\u0105\u017cy do doskona\u0142o\u015bci, zawsze stawiaj\u0105c na zdrowie i zadowolenie konsument\u00f3w.<\/p>\n\n\n\n<p><\/p>\n\n\n\n<p>3. <strong>W kategorii \u201eLider Przedsi\u0119biorczo\u015bci\u201d<\/strong> nagrod\u0119 otrzyma\u0142a <strong>Sp\u00f3\u0142dzielnia Inwalid\u00f3w ELREMET.<\/strong><\/p>\n\n\n\n<p>Sp\u00f3\u0142dzielnia Inwalid\u00f3w ELREMET w Bia\u0142ej Podlaskiej zatrudnia prawie 400 os\u00f3b i dzia\u0142a na rynku og\u00f3lnopolskim w dw\u00f3ch bran\u017cach od prawie 60 lat.<\/p>\n\n\n\n<p>Zak\u0142ad Odzie\u017cowy jest wiod\u0105cym producentem specjalistycznej odzie\u017cy dla s\u0142u\u017cb mundurowych (Wojska, Marynarki, Stra\u017cy Granicznej, Policji, S\u0142u\u017cby Ochrony Pa\u0144stwa, urz\u0119d\u00f3w celnych, wojsk specjalnych i misji zagranicznych). W 2023r. uszyto 105 tys. mundur\u00f3w oraz 80 tys. kurtek i koszul.<\/p>\n\n\n\n<p>Zak\u0142ad Przetw\u00f3rstwa Tworzyw Sztucznych specjalizuje si\u0119 w produkcji tub polietylenowych i laminatowych dla przemys\u0142u kosmetycznego i farmaceutycznego (rocznie ok. 28 mln szt. dla takich firm jak: ZIAJA, dr ERIS, BIELENDA i in.).<\/p>\n\n\n\n<p>W ub.r. ELREMET osi\u0105gn\u0105\u0142 rekordow\u0105 sprzeda\u017c 77 mln z\u0142 i zysk prawie 11 mln z\u0142.<\/p>\n\n\n\n<p>ELREMET sukcesywnie odnawia park maszynowy i poprawia warunki pracy. Na inwestycje w ostatnich latach wydano ok. 20 mln z\u0142.<\/p>\n\n\n\n<p>Firma posiada liczne nagrody i wyr\u00f3\u017cnienia; ostatnie to m.in. tytu\u0142y Lodo\u0142amacza, certyfikat Marka Lubelskie, nagrody Nied\u017awiedzia Biznesu. By\u0142a r\u00f3wnie\u017c nominowana do honorowego tytu\u0142u Ambasadora Wojew\u00f3dztwa Lubelskiego.<\/p>\n\n\n\n<p>W trosce o pracownik\u00f3w ELREMET prowadzi w\u0142asn\u0105 Przychodni\u0119, kt\u00f3ra dzi\u0119ki umowie z NFZ \u015bwiadczy us\u0142ugi rehabilitacyjne r\u00f3wnie\u017c dla mieszka\u0144c\u00f3w miasta i okolic.&nbsp;&nbsp;&nbsp;<\/p>\n\n\n\n<p><\/p>\n\n\n\n<p>4. <strong>W kategorii \u201ePrzedsi\u0119biorca Roku\u201d<\/strong> nagrod\u0119 otrzyma\u0142a <strong>Pani Urszula Adamiak <\/strong>prezes <strong>Przedsi\u0119biorstwa Wielobran\u017cowego KOMUNALNIK Sp. z o.o.<\/strong><\/p>\n\n\n\n<p>Pani Prezes Urszula Adamiak od 1992 roku od pocz\u0105tku dzia\u0142alno\u015bci Przedsi\u0119biorstwa Wielobran\u017cowego \u201eKomunalnik\u201d Sp. z o.o. w Bia\u0142ej Podlaskiej wchodzi\u0142a w sk\u0142ad Zarz\u0105du, natomiast stanowisko Prezesa Zarz\u0105du obj\u0119\u0142a&nbsp; w lipcu 2012 roku.<\/p>\n\n\n\n<p>Urszula Adamiak zas\u0142uguje na tytu\u0142 Przedsi\u0119biorcy Roku ze wzgl\u0119du<br>na nieustaj\u0105ce zaanga\u017cowanie w innowacyjny rozw\u00f3j Przedsi\u0119biorstwa, jego modernizacj\u0119, przebudow\u0119 i uruchomienie nowych kierunk\u00f3w dzia\u0142alno\u015bci. Wysoka jako\u015b\u0107 us\u0142ug oraz odpowiedzialne podej\u015bcie do biznesu i lokalnej spo\u0142eczno\u015bci jest podstaw\u0105 do nominacji .<\/p>\n\n\n\n<p>Konsekwentnie realizuje ambitne cele, przekszta\u0142caj\u0105c si\u0119 w lidera bran\u017cy komunalnej i us\u0142ugowej w regionie. Pod jej kierownictwem, Sp\u00f3\u0142ka nieustannie inwestuje w nowoczesny sprz\u0119t, szkoli personel i rozbudowuje swoje obiekty, aby sprosta\u0107 najwy\u017cszym standardom oferowanych us\u0142ug i efektywnie reagowa\u0107 na zmieniaj\u0105ce si\u0119 potrzeby rynku. Stale poszukuje innowacyjnych rozwi\u0105za\u0144, inwestuje w nowoczesne technologie i modernizuje procesy, czego dowodem s\u0105 liczne wyr\u00f3\u017cnienia i nagrody, takie jak tytu\u0142y Gepard Biznesu, Diamenty Forbesa, Gazela Biznesu oraz Nied\u017awiedzie Biznesu. Jej dzia\u0142alno\u015b\u0107 przyczynia si\u0119 do wzrostu lokalnej gospodarki, co czyni Sp\u00f3\u0142k\u0119 wa\u017cnym elementem ekonomicznym regionu.<\/p>\n\n\n\n<p>Wra\u017cliwa na potrzeby innych, o czym \u015bwiadczy uczestnictwo w wielu akcjach charytatywnych.<\/p>\n\n\n\n<figure class=\"wp-block-image size-large\"><img loading=\"lazy\" width=\"1024\" height=\"683\" src=\"http:\/\/bpig.pl\/wp-content\/uploads\/2024\/06\/IMG-20240625-WA00051-1024x683.jpg\" alt=\"\" class=\"wp-image-1681\" srcset=\"https:\/\/bpig.pl\/wp-content\/uploads\/2024\/06\/IMG-20240625-WA00051-1024x683.jpg 1024w, https:\/\/bpig.pl\/wp-content\/uploads\/2024\/06\/IMG-20240625-WA00051-300x200.jpg 300w, https:\/\/bpig.pl\/wp-content\/uploads\/2024\/06\/IMG-20240625-WA00051-768x512.jpg 768w, https:\/\/bpig.pl\/wp-content\/uploads\/2024\/06\/IMG-20240625-WA00051-1536x1025.jpg 1536w, https:\/\/bpig.pl\/wp-content\/uploads\/2024\/06\/IMG-20240625-WA00051-360x240.jpg 360w, https:\/\/bpig.pl\/wp-content\/uploads\/2024\/06\/IMG-20240625-WA00051.jpg 2048w\" sizes=\"(max-width: 1024px) 100vw, 1024px\" \/><figcaption>Gratulujemy wszystkim laureatom!<\/figcaption><\/figure>\n\n\n\n<a href=\"https:\/\/bpig.pl\/index.php\/laureaci-xi-edycji-nagrody-biznesowej-bpig-za-2022-rok\/\"><div class=\"czlonkowie\"><br> Laureaci XI edycji Nagrody Biznesowej BPIG<br>&#8211; za 2022 rok<\/div><\/a>\n<a href=\"https:\/\/bpig.pl\/index.php\/laureaci-x-edycji-nagrody-biznesowej-bpig-za-2021-rok\/\"><div class=\"czlonkowie\"><br> Laureaci X edycji Nagrody Biznesowej BPIG<br>&#8211; za 2021 rok<\/div><\/a>\n<a href=\"https:\/\/bpig.pl\/index.php\/laureaci-ix-edycji-nagrody-biznesowej-bpig-za-2020-rok\/\"><div class=\"czlonkowie\"><br> Laureaci IX edycji Nagrody Biznesowej BPIG<br>&#8211; za 2020r.<\/div><\/a>\n<a href=\"http:\/\/bpig.pl\/index.php\/laureaci-viii-edycji-nagrody-biznesowej-bpig-za-2019r\/\"><div class=\"czlonkowie\"><br> Laureaci VIII edycji Nagrody Biznesowej BPIG<br>&#8211; za 2019r.<\/div><\/a>\n<a href=\"http:\/\/bpig.pl\/index.php\/laureaci-vii-edycji-nagrody-biznesowej-bpig-za-2018-r\/\"><div class=\"czlonkowie\"><br> Laureaci VII edycji Nagrody Biznesowej BPIG<br>&#8211; za 2018r.<\/div><\/a>\n<a href=\"http:\/\/bpig.pl\/index.php\/laureaci-vi-edycji-nagrody-biznesowej-bpig-za-2017-r\/\"><div class=\"czlonkowie\"> <br>Laureaci VI edycji Nagrody Biznesowej BPIG<br>&#8211; za 2017r.<\/div><\/a>\n<a href=\"http:\/\/bpig.pl\/index.php\/laureaci-v-edycji-nagrody-biznesowej-bpig-za-2016-r\/\"><div class=\"czlonkowie\"> <br>Laureaci V edycji Nagrody Biznesowej BPIG<br>&#8211; za 2016r.<\/div><\/a>\n<a href=\"http:\/\/bpig.pl\/index.php\/laureaci-iv-edycji-nagrody-biznesowej-bpig-za-2015-rok\/\"><div class=\"czlonkowie\"><br> Laureaci IV edycji Nagrody Biznesowej BPIG<br>&#8211; za 2015r.<\/div><\/a>\n<a href=\"http:\/\/bpig.pl\/index.php\/laureaci-iii-edycji-nagrody-biznesowej-bpig-za-2014-rok\/\"><div class=\"czlonkowie\"><br> Laureaci III edycji Nagrody Biznesowej BPIG<br>&#8211; za 2014r.<\/div><\/a>\n <a href=\"http:\/\/bpig.pl\/index.php\/laureaci-ii-edycji-nagrody-biznesowej-bpig\/\"><div class=\"czlonkowie\"><br>Laureaci II edycji Nagrody Biznesowej BPIG<br>&#8211; za 2013r.<\/div><\/a>\n<a href=\"http:\/\/bpig.pl\/index.php\/laureaci-i-edycji-nagrody-biznesowej-bpig\/\"><div class=\"czlonkowie\"><br>Laureaci I edycji Nagrody Biznesowej BPIG<br>&#8211; za 2012r.<\/div><\/a>\n","protected":false},"excerpt":{"rendered":"<p>Laureaci Nagrody Biznesowej BPIG \u2013 Edycja XII \u2013 za 2023 rok: W kategorii \u201eUdany Start\u201d nagrod\u0119 utrzyma\u0142a Sp\u00f3\u0142dzielnia Socjalna \u201eWsp\u00f3lna Chata\u201d. Sp\u00f3\u0142dzielnia Socjalna \u201eWsp\u00f3lna Chata\u201d to Sp\u00f3\u0142dzielnia os\u00f3b prawnych utworzona przez: Gmin\u0119 Tuczna oraz Ochotnicz\u0105 Stra\u017c Po\u017carn\u0105 w Tucznej. Powsta\u0142a w 2021 roku, wpis do KRS uzyska\u0142a 29 czerwca 2021 [&hellip;]<\/p>\n","protected":false},"author":2,"featured_media":0,"parent":0,"menu_order":0,"comment_status":"closed","ping_status":"closed","template":"","meta":[],"_links":{"self":[{"href":"https:\/\/bpig.pl\/index.php\/wp-json\/wp\/v2\/pages\/1760"}],"collection":[{"href":"https:\/\/bpig.pl\/index.php\/wp-json\/wp\/v2\/pages"}],"about":[{"href":"https:\/\/bpig.pl\/index.php\/wp-json\/wp\/v2\/types\/page"}],"author":[{"embeddable":true,"href":"https:\/\/bpig.pl\/index.php\/wp-json\/wp\/v2\/users\/2"}],"replies":[{"embeddable":true,"href":"https:\/\/bpig.pl\/index.php\/wp-json\/wp\/v2\/comments?post=1760"}],"version-history":[{"count":2,"href":"https:\/\/bpig.pl\/index.php\/wp-json\/wp\/v2\/pages\/1760\/revisions"}],"predecessor-version":[{"id":1769,"href":"https:\/\/bpig.pl\/index.php\/wp-json\/wp\/v2\/pages\/1760\/revisions\/1769"}],"wp:attachment":[{"href":"https:\/\/bpig.pl\/index.php\/wp-json\/wp\/v2\/media?parent=1760"}],"curies":[{"name":"wp","href":"https:\/\/api.w.org\/{rel}","templated":true}]}}