{"id":49,"date":"2019-06-15T15:17:38","date_gmt":"2019-06-15T13:17:38","guid":{"rendered":"http:\/\/bpig.pl\/wordpress\/?page_id=49"},"modified":"2026-02-11T14:42:40","modified_gmt":"2026-02-11T13:42:40","slug":"o-nas","status":"publish","type":"page","link":"https:\/\/bpig.pl\/index.php\/o-nas\/","title":{"rendered":"O nas"},"content":{"rendered":"\n<p>Bialskopodlaska Izba Gospodarcza jest organizacj\u0105 samorz\u0105du gospodarczego powsta\u0142\u0105 5 sierpnia 1990 roku z inicjatywy podmiot\u00f3w gospodarczych regionu. W chwili obecnej zarejestrowanych jest 108 cz\u0142onk\u00f3w reprezentuj\u0105cych r\u00f3\u017cne dzia\u0142y gospodarki: przetw\u00f3rstwo rolne, przemys\u0142 lekki, us\u0142ugi budowlane, handel, transport, bankowo\u015b\u0107 i inne.<\/p>\n\n\n\n<p>G\u0142\u00f3wnym celem Izby jest podejmowanie dzia\u0142a\u0144 rozwijaj\u0105cych przedsi\u0119biorczo\u015b\u0107, wspieranie inicjatyw gospodarczych swoich cz\u0142onk\u00f3w. Reprezentuje interesy podmiot\u00f3w gospodarczych, wyst\u0119puje w ich imieniu do w\u0142adz samorz\u0105du terytorialnego i pa\u0144stwowych organ\u00f3w administracji.<\/p>\n\n\n\n<p>Do zada\u0144 Izby nale\u017cy tworzenie warunk\u00f3w sprzyjaj\u0105cych dzia\u0142alno\u015bci gospodarczej. BPIG pe\u0142ni funkcj\u0119 opiniodawcz\u0105 w kwestiach zwi\u0105zanych ze stanem rozwoju \u017cycia gospodarczego regionu, polityki gospodarczej oraz nowych regulacji prawnych. BPIG gromadzi i rozpowszechnia oferty wsp\u00f3\u0142pracy z partnerami krajowymi i zagranicznymi, organizuje misje gospodarcze, targi i wystawy. Zajmuje si\u0119 dzia\u0142alno\u015bci\u0105 szkoleniow\u0105 i promocyjn\u0105. Integruje lokalnych przedsi\u0119biorc\u00f3w, stanowi platform\u0119 wymiany do\u015bwiadcze\u0144 i informacji.<\/p>\n\n\n\n<p><\/p>\n","protected":false},"excerpt":{"rendered":"<p>Bialskopodlaska Izba Gospodarcza jest organizacj\u0105 samorz\u0105du gospodarczego powsta\u0142\u0105 5 sierpnia 1990 roku z inicjatywy podmiot\u00f3w gospodarczych regionu. W chwili obecnej zarejestrowanych jest 108 cz\u0142onk\u00f3w reprezentuj\u0105cych r\u00f3\u017cne dzia\u0142y gospodarki: przetw\u00f3rstwo rolne, przemys\u0142 lekki, us\u0142ugi budowlane, handel, transport, bankowo\u015b\u0107 i inne. G\u0142\u00f3wnym celem Izby jest podejmowanie dzia\u0142a\u0144 rozwijaj\u0105cych przedsi\u0119biorczo\u015b\u0107, wspieranie inicjatyw gospodarczych [&hellip;]<\/p>\n","protected":false},"author":1,"featured_media":0,"parent":0,"menu_order":0,"comment_status":"closed","ping_status":"closed","template":"","meta":[],"_links":{"self":[{"href":"https:\/\/bpig.pl\/index.php\/wp-json\/wp\/v2\/pages\/49"}],"collection":[{"href":"https:\/\/bpig.pl\/index.php\/wp-json\/wp\/v2\/pages"}],"about":[{"href":"https:\/\/bpig.pl\/index.php\/wp-json\/wp\/v2\/types\/page"}],"author":[{"embeddable":true,"href":"https:\/\/bpig.pl\/index.php\/wp-json\/wp\/v2\/users\/1"}],"replies":[{"embeddable":true,"href":"https:\/\/bpig.pl\/index.php\/wp-json\/wp\/v2\/comments?post=49"}],"version-history":[{"count":12,"href":"https:\/\/bpig.pl\/index.php\/wp-json\/wp\/v2\/pages\/49\/revisions"}],"predecessor-version":[{"id":1887,"href":"https:\/\/bpig.pl\/index.php\/wp-json\/wp\/v2\/pages\/49\/revisions\/1887"}],"wp:attachment":[{"href":"https:\/\/bpig.pl\/index.php\/wp-json\/wp\/v2\/media?parent=49"}],"curies":[{"name":"wp","href":"https:\/\/api.w.org\/{rel}","templated":true}]}}