{"id":73,"date":"2019-06-17T16:09:36","date_gmt":"2019-06-17T14:09:36","guid":{"rendered":"http:\/\/bpig.pl\/?page_id=73"},"modified":"2025-09-15T11:16:09","modified_gmt":"2025-09-15T09:16:09","slug":"wladze","status":"publish","type":"page","link":"https:\/\/bpig.pl\/index.php\/wladze\/","title":{"rendered":"W\u0142adze"},"content":{"rendered":"\n<p><strong>Zarz\u0105d BPIG:<\/strong><\/p>\n\n\n\n<p>Magdalena Jaworska-Kucharczuk &#8211; Prezes<\/p>\n\n\n\n<p>Renata Kozio\u0142 &#8211; Wiceprezes<\/p>\n\n\n\n<p>\u0141ukasz Sosi\u0144ski &#8211; Wiceprezes<\/p>\n\n\n\n<p>Artur Zaborowski &#8211; Wiceprezes<\/p>\n\n\n\n<p>Agnieszka \u0141ukaszuk &#8211; Skarbnik-Sekretarz<\/p>\n\n\n\n<p><\/p>\n\n\n\n<p><strong>Cz\u0142onkowie Rady BPIG:<\/strong><\/p>\n\n\n\n<p>Pawe\u0142 Doma\u0144ski<\/p>\n\n\n\n<p>Dariusz Hordejuk<\/p>\n\n\n\n<p>Eliza Jankowska-B\u0105k <\/p>\n\n\n\n<p>Grzegorz Kuszneruk <\/p>\n\n\n\n<p>Anna Wardak-Zozula &#8211; Dyrektor BPIG<\/p>\n\n\n\n<p>Wojciech Zalewski<\/p>\n\n\n\n<p><\/p>\n\n\n\n<p><strong>Komisja Rewizyjna:<\/strong><\/p>\n\n\n\n<p>J\u00f3zef Szeptycki <br>Anna Hara\u015b-D\u0105browska<br>Wojciech Wasilewski<br>Waldemar Zawistowski<\/p>\n","protected":false},"excerpt":{"rendered":"<p>Zarz\u0105d BPIG: Magdalena Jaworska-Kucharczuk &#8211; Prezes Renata Kozio\u0142 &#8211; Wiceprezes \u0141ukasz Sosi\u0144ski &#8211; Wiceprezes Artur Zaborowski &#8211; Wiceprezes Agnieszka \u0141ukaszuk &#8211; Skarbnik-Sekretarz Cz\u0142onkowie Rady BPIG: Pawe\u0142 Doma\u0144ski Dariusz Hordejuk Eliza Jankowska-B\u0105k Grzegorz Kuszneruk Anna Wardak-Zozula &#8211; Dyrektor BPIG Wojciech Zalewski Komisja Rewizyjna: J\u00f3zef Szeptycki Anna Hara\u015b-D\u0105browskaWojciech WasilewskiWaldemar Zawistowski<\/p>\n","protected":false},"author":1,"featured_media":0,"parent":0,"menu_order":0,"comment_status":"closed","ping_status":"closed","template":"","meta":[],"_links":{"self":[{"href":"https:\/\/bpig.pl\/index.php\/wp-json\/wp\/v2\/pages\/73"}],"collection":[{"href":"https:\/\/bpig.pl\/index.php\/wp-json\/wp\/v2\/pages"}],"about":[{"href":"https:\/\/bpig.pl\/index.php\/wp-json\/wp\/v2\/types\/page"}],"author":[{"embeddable":true,"href":"https:\/\/bpig.pl\/index.php\/wp-json\/wp\/v2\/users\/1"}],"replies":[{"embeddable":true,"href":"https:\/\/bpig.pl\/index.php\/wp-json\/wp\/v2\/comments?post=73"}],"version-history":[{"count":15,"href":"https:\/\/bpig.pl\/index.php\/wp-json\/wp\/v2\/pages\/73\/revisions"}],"predecessor-version":[{"id":1835,"href":"https:\/\/bpig.pl\/index.php\/wp-json\/wp\/v2\/pages\/73\/revisions\/1835"}],"wp:attachment":[{"href":"https:\/\/bpig.pl\/index.php\/wp-json\/wp\/v2\/media?parent=73"}],"curies":[{"name":"wp","href":"https:\/\/api.w.org\/{rel}","templated":true}]}}